{"id":59,"date":"2025-04-07T16:19:14","date_gmt":"2025-04-07T15:19:14","guid":{"rendered":"https:\/\/walter-electric.de\/?page_id=59"},"modified":"2025-04-07T17:19:08","modified_gmt":"2025-04-07T16:19:08","slug":"fachgebiete","status":"publish","type":"page","link":"https:\/\/walter-electric.de\/index.php\/fachgebiete\/","title":{"rendered":"Fachgebiete"},"content":{"rendered":"\n<div class=\"wp-block-group alignfull has-contrast-color has-text-color has-link-color wp-elements-f56bc5f8d3531b7a5eea0e22a67a6ca0 is-layout-constrained wp-container-core-group-is-layout-23b1a4dc wp-block-group-is-layout-constrained\" style=\"padding-top:var(--wp--preset--spacing--30);padding-right:var(--wp--preset--spacing--30);padding-bottom:var(--wp--preset--spacing--30);padding-left:var(--wp--preset--spacing--30)\">\n<div class=\"wp-block-group alignwide is-content-justification-space-between is-layout-flex wp-container-core-group-is-layout-b585a4aa wp-block-group-is-layout-flex\">\n<div class=\"wp-block-group is-layout-flex wp-container-core-group-is-layout-7a92790e wp-block-group-is-layout-flex\">\n<div class=\"wp-block-group is-vertical is-layout-flex wp-container-core-group-is-layout-30a70405 wp-block-group-is-layout-flex\"><h1 class=\"has-link-color wp-elements-d6202aa7d337f2ce08aedc8ed261a84e wp-block-site-title\"><a href=\"https:\/\/walter-electric.de\" target=\"_self\" rel=\"home\">Walter electric<\/a><\/h1>\n\n<\/div>\n<\/div>\n\n\n<nav class=\"has-small-font-size is-responsive items-justified-right wp-block-navigation is-content-justification-right is-layout-flex wp-container-core-navigation-is-layout-f665d2b5 wp-block-navigation-is-layout-flex\" aria-label=\"Navigation 2\" \n\t\t data-wp-interactive=\"core\/navigation\" data-wp-context='{\"overlayOpenedBy\":{\"click\":false,\"hover\":false,\"focus\":false},\"type\":\"overlay\",\"roleAttribute\":\"\",\"ariaLabel\":\"Men\\u00fc\"}'><button aria-haspopup=\"dialog\" aria-label=\"Men\u00fc \u00f6ffnen\" class=\"wp-block-navigation__responsive-container-open\" \n\t\t\t\tdata-wp-on--click=\"actions.openMenuOnClick\"\n\t\t\t\tdata-wp-on--keydown=\"actions.handleMenuKeydown\"\n\t\t\t><svg width=\"24\" height=\"24\" xmlns=\"http:\/\/www.w3.org\/2000\/svg\" viewBox=\"0 0 24 24\" aria-hidden=\"true\" focusable=\"false\"><path d=\"M4 7.5h16v1.5H4z\"><\/path><path d=\"M4 15h16v1.5H4z\"><\/path><\/svg><\/button>\n\t\t\t\t<div class=\"wp-block-navigation__responsive-container\"  id=\"modal-1\" \n\t\t\t\tdata-wp-class--has-modal-open=\"state.isMenuOpen\"\n\t\t\t\tdata-wp-class--is-menu-open=\"state.isMenuOpen\"\n\t\t\t\tdata-wp-watch=\"callbacks.initMenu\"\n\t\t\t\tdata-wp-on--keydown=\"actions.handleMenuKeydown\"\n\t\t\t\tdata-wp-on--focusout=\"actions.handleMenuFocusout\"\n\t\t\t\ttabindex=\"-1\"\n\t\t\t>\n\t\t\t\t\t<div class=\"wp-block-navigation__responsive-close\" tabindex=\"-1\">\n\t\t\t\t\t\t<div class=\"wp-block-navigation__responsive-dialog\" \n\t\t\t\tdata-wp-bind--aria-modal=\"state.ariaModal\"\n\t\t\t\tdata-wp-bind--aria-label=\"state.ariaLabel\"\n\t\t\t\tdata-wp-bind--role=\"state.roleAttribute\"\n\t\t\t>\n\t\t\t\t\t\t\t<button aria-label=\"Men\u00fc schlie\u00dfen\" class=\"wp-block-navigation__responsive-container-close\" \n\t\t\t\tdata-wp-on--click=\"actions.closeMenuOnClick\"\n\t\t\t><svg xmlns=\"http:\/\/www.w3.org\/2000\/svg\" viewBox=\"0 0 24 24\" width=\"24\" height=\"24\" aria-hidden=\"true\" focusable=\"false\"><path d=\"m13.06 12 6.47-6.47-1.06-1.06L12 10.94 5.53 4.47 4.47 5.53 10.94 12l-6.47 6.47 1.06 1.06L12 13.06l6.47 6.47 1.06-1.06L13.06 12Z\"><\/path><\/svg><\/button>\n\t\t\t\t\t\t\t<div class=\"wp-block-navigation__responsive-container-content\" \n\t\t\t\tdata-wp-watch=\"callbacks.focusFirstElement\"\n\t\t\t id=\"modal-1-content\">\n\t\t\t\t\t\t\t\t\n\t\t\t\t\t\t\t<\/div>\n\t\t\t\t\t\t<\/div>\n\t\t\t\t\t<\/div>\n\t\t\t\t<\/div><\/nav><\/div>\n<\/div>\n\n\n\n<h2 class=\"wp-block-heading\">Zu unseren Fachgebieten z\u00e4hlen:<\/h2>\n\n\n\n<figure class=\"wp-block-image size-full is-resized\"><img loading=\"lazy\" decoding=\"async\" width=\"500\" height=\"500\" src=\"https:\/\/walter-electric.de\/wp-content\/uploads\/2025\/04\/143c1a5677c213c0355515b2bbdae3ba.png\" alt=\"\" class=\"wp-image-68\" style=\"width:86px;height:auto\" srcset=\"https:\/\/walter-electric.de\/wp-content\/uploads\/2025\/04\/143c1a5677c213c0355515b2bbdae3ba.png 500w, https:\/\/walter-electric.de\/wp-content\/uploads\/2025\/04\/143c1a5677c213c0355515b2bbdae3ba-300x300.png 300w, https:\/\/walter-electric.de\/wp-content\/uploads\/2025\/04\/143c1a5677c213c0355515b2bbdae3ba-150x150.png 150w\" sizes=\"auto, (max-width: 500px) 100vw, 500px\" \/><\/figure>\n\n\n\n<ul class=\"wp-block-list\">\n<li>KNX Programmierung im Wohnbau<\/li>\n\n\n\n<li>KNX Programmierung im Industriebau sowie \u00f6ffentlichen Einrichtungen<\/li>\n\n\n\n<li>Fehlerbehebung und Erweiterung von bestehenden KNX Systemen<\/li>\n<\/ul>\n\n\n\n<p><\/p>\n\n\n\n<p><\/p>\n\n\n\n<figure class=\"wp-block-image size-full is-resized\"><img loading=\"lazy\" decoding=\"async\" width=\"500\" height=\"300\" src=\"https:\/\/walter-electric.de\/wp-content\/uploads\/2025\/04\/photovoltaik-icon.png\" alt=\"\" class=\"wp-image-69\" style=\"width:125px;height:auto\" srcset=\"https:\/\/walter-electric.de\/wp-content\/uploads\/2025\/04\/photovoltaik-icon.png 500w, https:\/\/walter-electric.de\/wp-content\/uploads\/2025\/04\/photovoltaik-icon-300x180.png 300w\" sizes=\"auto, (max-width: 500px) 100vw, 500px\" \/><\/figure>\n\n\n\n<ul class=\"wp-block-list\">\n<li>PV Anlagen mit Batteriespeicher<\/li>\n\n\n\n<li>Eigenverbrauchsoptimierungen im Eigenheim sowie Industrieanlagen<\/li>\n\n\n\n<li>Wartung von PV Anlagen<\/li>\n\n\n\n<li>Erneuerung bestehender PV Anlagen<\/li>\n\n\n\n<li>Nachr\u00fcstung bestehender PV Anlagen mit Batteriespeichern<\/li>\n<\/ul>\n\n\n\n<p><\/p>\n\n\n\n<p><\/p>\n\n\n\n<figure class=\"wp-block-image size-full is-resized\"><img loading=\"lazy\" decoding=\"async\" width=\"514\" height=\"512\" src=\"https:\/\/walter-electric.de\/wp-content\/uploads\/2025\/04\/Messgeraet.png\" alt=\"\" class=\"wp-image-70\" style=\"width:132px;height:auto\" srcset=\"https:\/\/walter-electric.de\/wp-content\/uploads\/2025\/04\/Messgeraet.png 514w, https:\/\/walter-electric.de\/wp-content\/uploads\/2025\/04\/Messgeraet-300x300.png 300w, https:\/\/walter-electric.de\/wp-content\/uploads\/2025\/04\/Messgeraet-150x150.png 150w\" sizes=\"auto, (max-width: 514px) 100vw, 514px\" \/><\/figure>\n\n\n\n<ul class=\"wp-block-list\">\n<li>\u00dcberpr\u00fcfung bestehender Elektroinstallationen in Geb\u00e4uden <\/li>\n\n\n\n<li>\u00dcberpr\u00fcfung ortsfester Ger\u00e4te und Maschinen <\/li>\n\n\n\n<li>\u00dcberpr\u00fcfung ortsver\u00e4nderlicher Ger\u00e4t und Maschinen<\/li>\n<\/ul>\n\n\n\n<p><\/p>\n","protected":false},"excerpt":{"rendered":"<p>Zu unseren Fachgebieten z\u00e4hlen:<\/p>\n","protected":false},"author":1,"featured_media":0,"parent":0,"menu_order":2,"comment_status":"closed","ping_status":"closed","template":"","meta":{"site-sidebar-layout":"default","site-content-layout":"","ast-site-content-layout":"default","site-content-style":"default","site-sidebar-style":"default","ast-global-header-display":"","ast-banner-title-visibility":"","ast-main-header-display":"","ast-hfb-above-header-display":"","ast-hfb-below-header-display":"","ast-hfb-mobile-header-display":"","site-post-title":"","ast-breadcrumbs-content":"","ast-featured-img":"","footer-sml-layout":"","ast-disable-related-posts":"","theme-transparent-header-meta":"","adv-header-id-meta":"","stick-header-meta":"","header-above-stick-meta":"","header-main-stick-meta":"","header-below-stick-meta":"","astra-migrate-meta-layouts":"default","ast-page-background-enabled":"default","ast-page-background-meta":{"desktop":{"background-color":"var(--ast-global-color-5)","background-image":"","background-repeat":"repeat","background-position":"center center","background-size":"auto","background-attachment":"scroll","background-type":"","background-media":"","overlay-type":"","overlay-color":"","overlay-opacity":"","overlay-gradient":""},"tablet":{"background-color":"","background-image":"","background-repeat":"repeat","background-position":"center center","background-size":"auto","background-attachment":"scroll","background-type":"","background-media":"","overlay-type":"","overlay-color":"","overlay-opacity":"","overlay-gradient":""},"mobile":{"background-color":"","background-image":"","background-repeat":"repeat","background-position":"center center","background-size":"auto","background-attachment":"scroll","background-type":"","background-media":"","overlay-type":"","overlay-color":"","overlay-opacity":"","overlay-gradient":""}},"ast-content-background-meta":{"desktop":{"background-color":"var(--ast-global-color-4)","background-image":"","background-repeat":"repeat","background-position":"center center","background-size":"auto","background-attachment":"scroll","background-type":"","background-media":"","overlay-type":"","overlay-color":"","overlay-opacity":"","overlay-gradient":""},"tablet":{"background-color":"var(--ast-global-color-4)","background-image":"","background-repeat":"repeat","background-position":"center center","background-size":"auto","background-attachment":"scroll","background-type":"","background-media":"","overlay-type":"","overlay-color":"","overlay-opacity":"","overlay-gradient":""},"mobile":{"background-color":"var(--ast-global-color-4)","background-image":"","background-repeat":"repeat","background-position":"center center","background-size":"auto","background-attachment":"scroll","background-type":"","background-media":"","overlay-type":"","overlay-color":"","overlay-opacity":"","overlay-gradient":""}},"footnotes":""},"class_list":["post-59","page","type-page","status-publish","hentry"],"_links":{"self":[{"href":"https:\/\/walter-electric.de\/index.php\/wp-json\/wp\/v2\/pages\/59","targetHints":{"allow":["GET"]}}],"collection":[{"href":"https:\/\/walter-electric.de\/index.php\/wp-json\/wp\/v2\/pages"}],"about":[{"href":"https:\/\/walter-electric.de\/index.php\/wp-json\/wp\/v2\/types\/page"}],"author":[{"embeddable":true,"href":"https:\/\/walter-electric.de\/index.php\/wp-json\/wp\/v2\/users\/1"}],"replies":[{"embeddable":true,"href":"https:\/\/walter-electric.de\/index.php\/wp-json\/wp\/v2\/comments?post=59"}],"version-history":[{"count":6,"href":"https:\/\/walter-electric.de\/index.php\/wp-json\/wp\/v2\/pages\/59\/revisions"}],"predecessor-version":[{"id":88,"href":"https:\/\/walter-electric.de\/index.php\/wp-json\/wp\/v2\/pages\/59\/revisions\/88"}],"wp:attachment":[{"href":"https:\/\/walter-electric.de\/index.php\/wp-json\/wp\/v2\/media?parent=59"}],"curies":[{"name":"wp","href":"https:\/\/api.w.org\/{rel}","templated":true}]}}